{"id":2183,"date":"2018-10-16T14:12:10","date_gmt":"2018-10-16T13:12:10","guid":{"rendered":"http:\/\/wheelwash.co.uk\/terms-conditions\/"},"modified":"2022-07-28T13:53:47","modified_gmt":"2022-07-28T12:53:47","slug":"terminos-condiciones","status":"publish","type":"page","link":"https:\/\/wheelwash.com\/es\/terminos-condiciones\/","title":{"rendered":"Terminos y Condiciones"},"content":{"rendered":"<h1 style=\"text-align: center;\">Terminos y Condiciones<\/h1>\n<p style=\"vertical-align: baseline; margin: 0cm 0cm 15.0pt 0cm;\"><b><span style=\"font-size: 16.0pt; font-family: 'replica',serif; color: #4d4f53;\">T\u00e9rminos de uso <\/span><\/b><\/p>\n<h3 style=\"vertical-align: baseline; margin: 0cm 0cm 15.0pt 0cm;\"><span style=\"font-size: 11.5pt; font-family: 'replica',serif; color: #4d4f53; font-weight: normal;\">Wheelwash ofrece este sitio web (\u00abWheelwash\u00bb) y su contenido para informaci\u00f3n general. El usuario debe leer detenidamente estos t\u00e9rminos de uso relacionados con el uso del sitio web de Wheelwash. Al utilizar el sitio web Wheelwash, el usuario acepta estos t\u00e9rminos y condiciones. Si el usuario no est\u00e1 de acuerdo con estos t\u00e9rminos y condiciones, no debe usar el sitio web de Whewash.Wheelwash se reserva el derecho de revisar estos t\u00e9rminos y condiciones en su totalidad o en parte, en cualquier momento, sin previo aviso, actualizando esta publicaci\u00f3n. El usuario est\u00e1 sujeto a cualquier revisi\u00f3n y debe visitar esta p\u00e1gina regularmente para revisar los t\u00e9rminos y condiciones actuales que se aplican. Si el usuario viola alguno de estos t\u00e9rminos, su permiso para usar los materiales (como se define a continuaci\u00f3n) terminar\u00e1 autom\u00e1ticamente y debe destruir cualquier copia que haya hecho de los materiales, inmediatamente.<\/span><\/h3>\n<p style=\"vertical-align: baseline; margin: 0cm 0cm 15.0pt 0cm;\"><b><span style=\"font-size: 16.0pt; font-family: 'replica',serif; color: #4d4f53;\">Uso de materiales y derechos de propiedad intelectual<\/span><\/b><\/p>\n<h3 style=\"vertical-align: baseline;\"><span style=\"font-size: 11.5pt; font-family: 'replica',serif; color: #4d4f53; font-weight: normal;\">El contenido completo de este sitio web est\u00e1 sujeto a protecci\u00f3n de derechos de autor. El usuario no puede copiar ning\u00fan contenido del sitio web de Wheelwash que no sea para referencia individual no comercial que conserve todos los derechos de autor o cualquier otro aviso de propiedad, y posteriormente los contenidos no pueden copiarse, reproducirse ni redistribuirse. El usuario no puede copiar, mostrar, descargar, distribuir, modificar, reproducir, republicar o retransmitir ninguna informaci\u00f3n, texto o documentos contenidos en este sitio web o cualquier parte del mismo en ning\u00fan medio electr\u00f3nico o copia impresa, ni crear ning\u00fan trabajo derivado basado en tal im\u00e1genes, texto o documentos, sin el consentimiento expreso por escrito de Wheelwash, excepto lo dispuesto anteriormente. Si el usuario viola alguno de estos t\u00e9rminos, su autorizaci\u00f3n para usar este sitio finaliza autom\u00e1ticamente. El usuario debe destruir inmediatamente cualquier material descargado o impreso.<\/span><\/h3>\n<h3 style=\"vertical-align: baseline; margin: 0cm 0cm 15.0pt 0cm;\"><span style=\"font-size: 11.5pt; font-family: 'replica',serif; color: #4d4f53; font-weight: normal;\">A menos que se indique lo contrario, todos los nombres de productos, ya sea que aparezcan en letra grande o con el s\u00edmbolo de la marca comercial o no, son marcas comerciales de Wheelwash, sus afiliados, compa\u00f1\u00edas relacionadas o sus licenciantes o socios de empresas conjuntas. El uso o mal uso de estas marcas comerciales o de cualquier otro material, excepto seg\u00fan lo permitido en este documento, est\u00e1 expresamente prohibido y puede violar una serie de leyes que incluyen (entre otras) la ley de derechos de autor y la ley de marcas comerciales.<\/span><\/h3>\n<h3 style=\"vertical-align: baseline; margin: 0cm 0cm 15.0pt 0cm;\"><span style=\"font-size: 16.0pt; font-family: 'replica',serif; color: #4d4f53;\">Renuncia<\/span><\/h3>\n<p>Este sitio y la informaci\u00f3n contenida en \u00e9l se proporcionan \u00abtal cual\u00bb, sin garant\u00edas de ning\u00fan tipo, expresas o impl\u00edcitas, incluidas, entre otras, garant\u00edas de t\u00edtulo o precisi\u00f3n o garant\u00edas impl\u00edcitas de comerciabilidad o idoneidad para un prop\u00f3sito particular. El uso de este sitio y el uso de la informaci\u00f3n en el sitio es bajo el propio riesgo del usuario.<\/p>\n<p>El contenido de este sitio se proporciona \u00fanicamente para informaci\u00f3n general del usuario y no constituye una oferta de venta o una solicitud de una oferta de compra de productos. El contenido de este sitio puede incluir imprecisiones t\u00e9cnicas y \/ o errores tipogr\u00e1ficos. Wheelwash no ser\u00e1 responsable del uso de la informaci\u00f3n presentada en este documento. El usuario del sitio debe tomar su propia determinaci\u00f3n en cuanto a la idoneidad y la integridad de la informaci\u00f3n que elige utilizar, incluyendo, entre otros, la protecci\u00f3n del medio ambiente y la salud y la seguridad. Wheelwash al proporcionar esta informaci\u00f3n no puede ni pretende controlar el m\u00e9todo o la forma en que se utilizan los productos Wheelwash. Cualquier producto, proceso o tecnolog\u00eda descritos en el sitio puede estar sujeto a derechos de propiedad intelectual reservados por Wheelwash u otros y no tienen licencia en virtud del presente. Wheelwash no hace ninguna representaci\u00f3n o garant\u00eda, expresa o impl\u00edcita, de que cualquier uso de la informaci\u00f3n contenida en el sitio no violar\u00e1 dichos derechos de propiedad intelectual.<\/p>\n<p>Wheelwash no asume ninguna obligaci\u00f3n de actualizar o continuar publicando informaci\u00f3n contenida en el sitio y se reserva el derecho de hacer cambios y correcciones al contenido del sitio o la disponibilidad del producto en cualquier momento, sin previo aviso. Wheelwash no garantiza que el acceso a este sitio no se interrumpa, que este sitio est\u00e9 libre de virus o que este sitio no pueda ser manipulado por terceros.<\/p>\n<p>La disponibilidad de productos y servicios en este Sitio puede cambiar sin previo aviso en cualquier momento a la sola discreci\u00f3n de Wheelwash.<\/p>\n<p>Limitaci\u00f3n de responsabilidad. En ning\u00fan caso Wheelwash o sus subsidiarias, afiliadas, otorgantes de licencias o proveedores ser\u00e1n responsables de los da\u00f1os que surjan de este sitio web, de cualquier sitio web operado por un tercero o de cualquier informaci\u00f3n contenida en este o en cualquier otro sitio web. , incluidos, entre otros, da\u00f1os directos, indirectos, incidentales, especiales, consecuentes o punitivos, que incluyen, entre otros, p\u00e9rdida de datos, p\u00e9rdida de ingresos o p\u00e9rdida de beneficios, bajo cualquier teor\u00eda, ya sea bajo un contrato, agravio (incluida negligencia) o cualquier otra teor\u00eda de responsabilidad, incluso si Wheelwash es consciente de la posibilidad de tales da\u00f1os. Enlaces a sitios web de terceros. Cualquier enlace en este sitio a sitios web de terceros se proporciona solo como cortes\u00eda. Al proporcionar estos enlaces, Wheelwash no respalda, adopta ni acepta ninguno de los contenidos de los sitios enlazados o los productos o servicios de ese tercero. Wheelwash no revisa ni controla el contenido de sitios de terceros y ese contenido no forma parte del sitio web de Whewash. Wheelwash renuncia expresamente a cualquier responsabilidad por el contenido de los sitios de terceros vinculados al sitio web de Wheelwash o los productos o servicios de ese tercero. Si el usuario del sitio Wheelwash decide acceder a cualquiera de los sitios web de terceros vinculados al sitio web Wheelwash, el usuario lo hace bajo su propio riesgo. Informaci\u00f3n del usuario. Cualquier informaci\u00f3n de identificaci\u00f3n personal en las comunicaciones electr\u00f3nicas a este sitio web se rige por la pol\u00edtica de privacidad de Wheelwash. Wheelwash ser\u00e1 libre de usar o copiar toda otra informaci\u00f3n en dichas comunicaciones, incluidas las ideas, invenciones, conceptos, t\u00e9cnicas o conocimientos divulgados en el mismo, para cualquier prop\u00f3sito, incluida la divulgaci\u00f3n a terceros y \/ o el desarrollo, fabricaci\u00f3n y \/ o comercializaci\u00f3n de productos o servicios. Exigibilidad Si alguna disposici\u00f3n de estos t\u00e9rminos de uso y restricciones se declara nula o inaplicable por cualquier tribunal u organismo administrativo de jurisdicci\u00f3n competente, la validez de las disposiciones restantes de los t\u00e9rminos de uso y restricciones no se ver\u00e1 afectada.<\/p>\n","protected":false},"excerpt":{"rendered":"<p>Terminos y Condiciones T\u00e9rminos de uso Wheelwash ofrece este sitio web (\u00abWheelwash\u00bb) y su contenido para informaci\u00f3n general. El usuario debe leer detenidamente estos t\u00e9rminos de uso relacionados con el uso del sitio web de Wheelwash. Al utilizar el sitio web Wheelwash, el usuario acepta estos t\u00e9rminos y condiciones. Si el usuario no est\u00e1 de [&hellip;]<\/p>\n","protected":false},"author":8,"featured_media":0,"parent":0,"menu_order":0,"comment_status":"closed","ping_status":"closed","template":"","meta":{"_acf_changed":false,"content-type":"","inline_featured_image":false,"footnotes":""},"class_list":["post-2183","page","type-page","status-publish","hentry"],"acf":[],"_links":{"self":[{"href":"https:\/\/wheelwash.com\/es\/wp-json\/wp\/v2\/pages\/2183","targetHints":{"allow":["GET"]}}],"collection":[{"href":"https:\/\/wheelwash.com\/es\/wp-json\/wp\/v2\/pages"}],"about":[{"href":"https:\/\/wheelwash.com\/es\/wp-json\/wp\/v2\/types\/page"}],"author":[{"embeddable":true,"href":"https:\/\/wheelwash.com\/es\/wp-json\/wp\/v2\/users\/8"}],"replies":[{"embeddable":true,"href":"https:\/\/wheelwash.com\/es\/wp-json\/wp\/v2\/comments?post=2183"}],"version-history":[{"count":2,"href":"https:\/\/wheelwash.com\/es\/wp-json\/wp\/v2\/pages\/2183\/revisions"}],"predecessor-version":[{"id":16166,"href":"https:\/\/wheelwash.com\/es\/wp-json\/wp\/v2\/pages\/2183\/revisions\/16166"}],"wp:attachment":[{"href":"https:\/\/wheelwash.com\/es\/wp-json\/wp\/v2\/media?parent=2183"}],"curies":[{"name":"wp","href":"https:\/\/api.w.org\/{rel}","templated":true}]}}